{"id":89,"date":"2021-12-02T10:08:21","date_gmt":"2021-12-02T13:08:21","guid":{"rendered":"https:\/\/construalaluminio.com.br\/?page_id=89"},"modified":"2025-01-14T17:46:45","modified_gmt":"2025-01-14T20:46:45","slug":"quem-somos","status":"publish","type":"page","link":"https:\/\/construalaluminio.com.br\/es\/quem-somos\/","title":{"rendered":"Qui\u00e9n somos"},"content":{"rendered":"<p>Localizada estrategicamente em Sorocaba &#8211; S\u00e3o Paulo, nossa miss\u00e3o \u00e9 elevar seus projetos ao mais alto padr\u00e3o, oferecendo produtos que combinam harmonia, funcionalidade e um compromisso inabal\u00e1vel com a qualidade e pontualidade.<\/p>\n\n\n\n<p>H\u00e1 19 anos no mercado de alum\u00ednio e vidros, somos pioneiros no desenvolvimento de nossas linhas autorais de esquadrias minimalistas, brises, muxarabis e portas para grandes v\u00e3os. Nosso time \u00e9 apaixonado por superar expectativas e garantir a satisfa\u00e7\u00e3o plena do cliente.<\/p>\n\n\n\n<p>Na Construal, a expertise se une \u00e0 inova\u00e7\u00e3o para oferecer solu\u00e7\u00f5es refinadas em esquadrias e fachadas, estendendo nossa presen\u00e7a a todos os cantos do Brasil. Al\u00e9m disso, exportamos nossos produtos e know-how para outros pa\u00edses, compartilhando nossa abordagem \u00fanica e qualificada. Aqui na Construal, cada projeto recebe a aten\u00e7\u00e3o especializada e a qualidade superior que merece.<\/p>","protected":false},"excerpt":{"rendered":"<p>Localizada estrategicamente em Sorocaba &#8211; S\u00e3o Paulo, nossa miss\u00e3o \u00e9 elevar seus projetos ao mais alto padr\u00e3o, oferecendo produtos que combinam harmonia, funcionalidade e um compromisso inabal\u00e1vel com a qualidade e pontualidade. H\u00e1 19 anos no mercado de alum\u00ednio e vidros, somos pioneiros no desenvolvimento de nossas linhas autorais de esquadrias minimalistas, brises, muxarabis e [&hellip;]<\/p>","protected":false},"author":1,"featured_media":767,"parent":0,"menu_order":0,"comment_status":"closed","ping_status":"closed","template":"","meta":{"footnotes":""},"class_list":["post-89","page","type-page","status-publish","has-post-thumbnail","hentry"],"acf":[],"yoast_head":"<!-- This site is optimized with the Yoast SEO plugin v24.6 - https:\/\/yoast.com\/wordpress\/plugins\/seo\/ -->\n<title>Quem somos - Construal<\/title>\n<meta name=\"description\" content=\"Localizada estrategicamente em Sorocaba - S\u00e3o Paulo, nossa miss\u00e3o \u00e9 elevar seus projetos ao mais alto padr\u00e3o, oferecendo produtos que combinam harmonia, funcionalidade e um compromisso inabal\u00e1vel com a qualidade e pontualidade.H\u00e1 mais de 16 anos no mercado de alum\u00ednio e vidros, somos pioneiros na fabrica\u00e7\u00e3o de nossas pr\u00f3prias linhas de esquadrias minimalistas, brises, muxarabis, fachadas, coberturas e portas. Nosso time dedicado \u00e9 apaixonado por superar expectativas e garantir a satisfa\u00e7\u00e3o plena do cliente.Na Construal, a expertise se une \u00e0 inova\u00e7\u00e3o para oferecer solu\u00e7\u00f5es refinadas em esquadrias e fachadas, estendendo nossa presen\u00e7a a todos os cantos do Brasil. Al\u00e9m disso, exportamos nossos produtos e know-how para outros pa\u00edses, compartilhando nossa abordagem \u00fanica e qualificada. Aqui na Construal, cada projeto recebe a aten\u00e7\u00e3o especializada e a qualidade superior que merece.Com uma \u00e1rea fabril de 3.600 m2, a Construal conta com equipamentos de \u00faltima gera\u00e7\u00e3o para o corte e usinagem do alum\u00ednio, incluindo sistema de corte de dupla cabe\u00e7a (realiza o corte das duas extremidades do perfil simultaneamente) e tr\u00eas novos centros de usinagem para realizar furos de encaixes com extrema precis\u00e3o.Nosso time de instaladores, al\u00e9m de extremamente qualificados, conta com ve\u00edculos novos, e o mais novo integrante \u00e9 o Meteoro, um caminh\u00e3o munck com capacidade de 12 toneladas!\" \/>\n<meta name=\"robots\" content=\"index, follow, max-snippet:-1, max-image-preview:large, max-video-preview:-1\" \/>\n<link rel=\"canonical\" href=\"https:\/\/construalaluminio.com.br\/es\/quem-somos\/\" \/>\n<meta property=\"og:locale\" content=\"es_ES\" \/>\n<meta property=\"og:type\" content=\"article\" \/>\n<meta property=\"og:title\" content=\"Quem somos - Construal\" \/>\n<meta property=\"og:description\" content=\"Localizada estrategicamente em Sorocaba - S\u00e3o Paulo, nossa miss\u00e3o \u00e9 elevar seus projetos ao mais alto padr\u00e3o, oferecendo produtos que combinam harmonia, funcionalidade e um compromisso inabal\u00e1vel com a qualidade e pontualidade.H\u00e1 mais de 16 anos no mercado de alum\u00ednio e vidros, somos pioneiros na fabrica\u00e7\u00e3o de nossas pr\u00f3prias linhas de esquadrias minimalistas, brises, muxarabis, fachadas, coberturas e portas. Nosso time dedicado \u00e9 apaixonado por superar expectativas e garantir a satisfa\u00e7\u00e3o plena do cliente.Na Construal, a expertise se une \u00e0 inova\u00e7\u00e3o para oferecer solu\u00e7\u00f5es refinadas em esquadrias e fachadas, estendendo nossa presen\u00e7a a todos os cantos do Brasil. Al\u00e9m disso, exportamos nossos produtos e know-how para outros pa\u00edses, compartilhando nossa abordagem \u00fanica e qualificada. Aqui na Construal, cada projeto recebe a aten\u00e7\u00e3o especializada e a qualidade superior que merece.Com uma \u00e1rea fabril de 3.600 m2, a Construal conta com equipamentos de \u00faltima gera\u00e7\u00e3o para o corte e usinagem do alum\u00ednio, incluindo sistema de corte de dupla cabe\u00e7a (realiza o corte das duas extremidades do perfil simultaneamente) e tr\u00eas novos centros de usinagem para realizar furos de encaixes com extrema precis\u00e3o.Nosso time de instaladores, al\u00e9m de extremamente qualificados, conta com ve\u00edculos novos, e o mais novo integrante \u00e9 o Meteoro, um caminh\u00e3o munck com capacidade de 12 toneladas!\" \/>\n<meta property=\"og:url\" content=\"https:\/\/construalaluminio.com.br\/es\/quem-somos\/\" \/>\n<meta property=\"og:site_name\" content=\"Construal\" \/>\n<meta property=\"article:modified_time\" content=\"2025-01-14T20:46:45+00:00\" \/>\n<meta property=\"og:image\" content=\"https:\/\/construalaluminio.com.br\/wp-content\/uploads\/2024\/06\/construal_fachada_2024.jpg\" \/>\n\t<meta property=\"og:image:width\" content=\"1920\" \/>\n\t<meta property=\"og:image:height\" content=\"902\" \/>\n\t<meta property=\"og:image:type\" content=\"image\/jpeg\" \/>\n<meta name=\"twitter:card\" content=\"summary_large_image\" \/>\n<meta name=\"twitter:label1\" content=\"Tiempo de lectura\" \/>\n\t<meta name=\"twitter:data1\" content=\"1 minuto\" \/>\n<script type=\"application\/ld+json\" class=\"yoast-schema-graph\">{\"@context\":\"https:\/\/schema.org\",\"@graph\":[{\"@type\":\"WebPage\",\"@id\":\"https:\/\/construalaluminio.com.br\/quem-somos\/\",\"url\":\"https:\/\/construalaluminio.com.br\/quem-somos\/\",\"name\":\"Quem somos - Construal\",\"isPartOf\":{\"@id\":\"https:\/\/construalaluminio.com.br\/#website\"},\"primaryImageOfPage\":{\"@id\":\"https:\/\/construalaluminio.com.br\/quem-somos\/#primaryimage\"},\"image\":{\"@id\":\"https:\/\/construalaluminio.com.br\/quem-somos\/#primaryimage\"},\"thumbnailUrl\":\"https:\/\/construalaluminio.com.br\/wp-content\/uploads\/2024\/06\/construal_fachada_2024.jpg\",\"datePublished\":\"2021-12-02T13:08:21+00:00\",\"dateModified\":\"2025-01-14T20:46:45+00:00\",\"description\":\"Localizada estrategicamente em Sorocaba - S\u00e3o Paulo, nossa miss\u00e3o \u00e9 elevar seus projetos ao mais alto padr\u00e3o, oferecendo produtos que combinam harmonia, funcionalidade e um compromisso inabal\u00e1vel com a qualidade e pontualidade.H\u00e1 mais de 16 anos no mercado de alum\u00ednio e vidros, somos pioneiros na fabrica\u00e7\u00e3o de nossas pr\u00f3prias linhas de esquadrias minimalistas, brises, muxarabis, fachadas, coberturas e portas. Nosso time dedicado \u00e9 apaixonado por superar expectativas e garantir a satisfa\u00e7\u00e3o plena do cliente.Na Construal, a expertise se une \u00e0 inova\u00e7\u00e3o para oferecer solu\u00e7\u00f5es refinadas em esquadrias e fachadas, estendendo nossa presen\u00e7a a todos os cantos do Brasil. Al\u00e9m disso, exportamos nossos produtos e know-how para outros pa\u00edses, compartilhando nossa abordagem \u00fanica e qualificada. Aqui na Construal, cada projeto recebe a aten\u00e7\u00e3o especializada e a qualidade superior que merece.Com uma \u00e1rea fabril de 3.600 m2, a Construal conta com equipamentos de \u00faltima gera\u00e7\u00e3o para o corte e usinagem do alum\u00ednio, incluindo sistema de corte de dupla cabe\u00e7a (realiza o corte das duas extremidades do perfil simultaneamente) e tr\u00eas novos centros de usinagem para realizar furos de encaixes com extrema precis\u00e3o.Nosso time de instaladores, al\u00e9m de extremamente qualificados, conta com ve\u00edculos novos, e o mais novo integrante \u00e9 o Meteoro, um caminh\u00e3o munck com capacidade de 12 toneladas!\",\"breadcrumb\":{\"@id\":\"https:\/\/construalaluminio.com.br\/quem-somos\/#breadcrumb\"},\"inLanguage\":\"es\",\"potentialAction\":[{\"@type\":\"ReadAction\",\"target\":[\"https:\/\/construalaluminio.com.br\/quem-somos\/\"]}]},{\"@type\":\"ImageObject\",\"inLanguage\":\"es\",\"@id\":\"https:\/\/construalaluminio.com.br\/quem-somos\/#primaryimage\",\"url\":\"https:\/\/construalaluminio.com.br\/wp-content\/uploads\/2024\/06\/construal_fachada_2024.jpg\",\"contentUrl\":\"https:\/\/construalaluminio.com.br\/wp-content\/uploads\/2024\/06\/construal_fachada_2024.jpg\",\"width\":1920,\"height\":902,\"caption\":\"DCIM\/102MEDIA\/DJI_0352.JPG\"},{\"@type\":\"BreadcrumbList\",\"@id\":\"https:\/\/construalaluminio.com.br\/quem-somos\/#breadcrumb\",\"itemListElement\":[{\"@type\":\"ListItem\",\"position\":1,\"name\":\"In\u00edcio\",\"item\":\"https:\/\/construalaluminio.com.br\/\"},{\"@type\":\"ListItem\",\"position\":2,\"name\":\"Quem somos\"}]},{\"@type\":\"WebSite\",\"@id\":\"https:\/\/construalaluminio.com.br\/#website\",\"url\":\"https:\/\/construalaluminio.com.br\/\",\"name\":\"Construal\",\"description\":\"SOLU\u00c7\u00d5ES EM ALUM\u00cdNIO PARA SUA OBRA! Profissionalismo, excel\u00eancia t\u00e9cnica, comprometimento com a qualidade e transpar\u00eancia com o cliente, fazem da Construal uma refer\u00eancia em esquadrias e fachadas.\",\"potentialAction\":[{\"@type\":\"SearchAction\",\"target\":{\"@type\":\"EntryPoint\",\"urlTemplate\":\"https:\/\/construalaluminio.com.br\/?s={search_term_string}\"},\"query-input\":{\"@type\":\"PropertyValueSpecification\",\"valueRequired\":true,\"valueName\":\"search_term_string\"}}],\"inLanguage\":\"es\"}]}<\/script>\n<!-- \/ Yoast SEO plugin. -->","yoast_head_json":{"title":"Quem somos - Construal","description":"Localizada estrategicamente em Sorocaba - S\u00e3o Paulo, nossa miss\u00e3o \u00e9 elevar seus projetos ao mais alto padr\u00e3o, oferecendo produtos que combinam harmonia, funcionalidade e um compromisso inabal\u00e1vel com a qualidade e pontualidade.H\u00e1 mais de 16 anos no mercado de alum\u00ednio e vidros, somos pioneiros na fabrica\u00e7\u00e3o de nossas pr\u00f3prias linhas de esquadrias minimalistas, brises, muxarabis, fachadas, coberturas e portas. Nosso time dedicado \u00e9 apaixonado por superar expectativas e garantir a satisfa\u00e7\u00e3o plena do cliente.Na Construal, a expertise se une \u00e0 inova\u00e7\u00e3o para oferecer solu\u00e7\u00f5es refinadas em esquadrias e fachadas, estendendo nossa presen\u00e7a a todos os cantos do Brasil. Al\u00e9m disso, exportamos nossos produtos e know-how para outros pa\u00edses, compartilhando nossa abordagem \u00fanica e qualificada. Aqui na Construal, cada projeto recebe a aten\u00e7\u00e3o especializada e a qualidade superior que merece.Com uma \u00e1rea fabril de 3.600 m2, a Construal conta com equipamentos de \u00faltima gera\u00e7\u00e3o para o corte e usinagem do alum\u00ednio, incluindo sistema de corte de dupla cabe\u00e7a (realiza o corte das duas extremidades do perfil simultaneamente) e tr\u00eas novos centros de usinagem para realizar furos de encaixes com extrema precis\u00e3o.Nosso time de instaladores, al\u00e9m de extremamente qualificados, conta com ve\u00edculos novos, e o mais novo integrante \u00e9 o Meteoro, um caminh\u00e3o munck com capacidade de 12 toneladas!","robots":{"index":"index","follow":"follow","max-snippet":"max-snippet:-1","max-image-preview":"max-image-preview:large","max-video-preview":"max-video-preview:-1"},"canonical":"https:\/\/construalaluminio.com.br\/es\/quem-somos\/","og_locale":"es_ES","og_type":"article","og_title":"Quem somos - Construal","og_description":"Localizada estrategicamente em Sorocaba - S\u00e3o Paulo, nossa miss\u00e3o \u00e9 elevar seus projetos ao mais alto padr\u00e3o, oferecendo produtos que combinam harmonia, funcionalidade e um compromisso inabal\u00e1vel com a qualidade e pontualidade.H\u00e1 mais de 16 anos no mercado de alum\u00ednio e vidros, somos pioneiros na fabrica\u00e7\u00e3o de nossas pr\u00f3prias linhas de esquadrias minimalistas, brises, muxarabis, fachadas, coberturas e portas. Nosso time dedicado \u00e9 apaixonado por superar expectativas e garantir a satisfa\u00e7\u00e3o plena do cliente.Na Construal, a expertise se une \u00e0 inova\u00e7\u00e3o para oferecer solu\u00e7\u00f5es refinadas em esquadrias e fachadas, estendendo nossa presen\u00e7a a todos os cantos do Brasil. Al\u00e9m disso, exportamos nossos produtos e know-how para outros pa\u00edses, compartilhando nossa abordagem \u00fanica e qualificada. Aqui na Construal, cada projeto recebe a aten\u00e7\u00e3o especializada e a qualidade superior que merece.Com uma \u00e1rea fabril de 3.600 m2, a Construal conta com equipamentos de \u00faltima gera\u00e7\u00e3o para o corte e usinagem do alum\u00ednio, incluindo sistema de corte de dupla cabe\u00e7a (realiza o corte das duas extremidades do perfil simultaneamente) e tr\u00eas novos centros de usinagem para realizar furos de encaixes com extrema precis\u00e3o.Nosso time de instaladores, al\u00e9m de extremamente qualificados, conta com ve\u00edculos novos, e o mais novo integrante \u00e9 o Meteoro, um caminh\u00e3o munck com capacidade de 12 toneladas!","og_url":"https:\/\/construalaluminio.com.br\/es\/quem-somos\/","og_site_name":"Construal","article_modified_time":"2025-01-14T20:46:45+00:00","og_image":[{"width":1920,"height":902,"url":"https:\/\/construalaluminio.com.br\/wp-content\/uploads\/2024\/06\/construal_fachada_2024.jpg","type":"image\/jpeg"}],"twitter_card":"summary_large_image","twitter_misc":{"Tiempo de lectura":"1 minuto"},"schema":{"@context":"https:\/\/schema.org","@graph":[{"@type":"WebPage","@id":"https:\/\/construalaluminio.com.br\/quem-somos\/","url":"https:\/\/construalaluminio.com.br\/quem-somos\/","name":"Quem somos - Construal","isPartOf":{"@id":"https:\/\/construalaluminio.com.br\/#website"},"primaryImageOfPage":{"@id":"https:\/\/construalaluminio.com.br\/quem-somos\/#primaryimage"},"image":{"@id":"https:\/\/construalaluminio.com.br\/quem-somos\/#primaryimage"},"thumbnailUrl":"https:\/\/construalaluminio.com.br\/wp-content\/uploads\/2024\/06\/construal_fachada_2024.jpg","datePublished":"2021-12-02T13:08:21+00:00","dateModified":"2025-01-14T20:46:45+00:00","description":"Localizada estrategicamente em Sorocaba - S\u00e3o Paulo, nossa miss\u00e3o \u00e9 elevar seus projetos ao mais alto padr\u00e3o, oferecendo produtos que combinam harmonia, funcionalidade e um compromisso inabal\u00e1vel com a qualidade e pontualidade.H\u00e1 mais de 16 anos no mercado de alum\u00ednio e vidros, somos pioneiros na fabrica\u00e7\u00e3o de nossas pr\u00f3prias linhas de esquadrias minimalistas, brises, muxarabis, fachadas, coberturas e portas. Nosso time dedicado \u00e9 apaixonado por superar expectativas e garantir a satisfa\u00e7\u00e3o plena do cliente.Na Construal, a expertise se une \u00e0 inova\u00e7\u00e3o para oferecer solu\u00e7\u00f5es refinadas em esquadrias e fachadas, estendendo nossa presen\u00e7a a todos os cantos do Brasil. Al\u00e9m disso, exportamos nossos produtos e know-how para outros pa\u00edses, compartilhando nossa abordagem \u00fanica e qualificada. Aqui na Construal, cada projeto recebe a aten\u00e7\u00e3o especializada e a qualidade superior que merece.Com uma \u00e1rea fabril de 3.600 m2, a Construal conta com equipamentos de \u00faltima gera\u00e7\u00e3o para o corte e usinagem do alum\u00ednio, incluindo sistema de corte de dupla cabe\u00e7a (realiza o corte das duas extremidades do perfil simultaneamente) e tr\u00eas novos centros de usinagem para realizar furos de encaixes com extrema precis\u00e3o.Nosso time de instaladores, al\u00e9m de extremamente qualificados, conta com ve\u00edculos novos, e o mais novo integrante \u00e9 o Meteoro, um caminh\u00e3o munck com capacidade de 12 toneladas!","breadcrumb":{"@id":"https:\/\/construalaluminio.com.br\/quem-somos\/#breadcrumb"},"inLanguage":"es","potentialAction":[{"@type":"ReadAction","target":["https:\/\/construalaluminio.com.br\/quem-somos\/"]}]},{"@type":"ImageObject","inLanguage":"es","@id":"https:\/\/construalaluminio.com.br\/quem-somos\/#primaryimage","url":"https:\/\/construalaluminio.com.br\/wp-content\/uploads\/2024\/06\/construal_fachada_2024.jpg","contentUrl":"https:\/\/construalaluminio.com.br\/wp-content\/uploads\/2024\/06\/construal_fachada_2024.jpg","width":1920,"height":902,"caption":"DCIM\/102MEDIA\/DJI_0352.JPG"},{"@type":"BreadcrumbList","@id":"https:\/\/construalaluminio.com.br\/quem-somos\/#breadcrumb","itemListElement":[{"@type":"ListItem","position":1,"name":"In\u00edcio","item":"https:\/\/construalaluminio.com.br\/"},{"@type":"ListItem","position":2,"name":"Quem somos"}]},{"@type":"WebSite","@id":"https:\/\/construalaluminio.com.br\/#website","url":"https:\/\/construalaluminio.com.br\/","name":"Construal","description":"SOLU\u00c7\u00d5ES EM ALUM\u00cdNIO PARA SUA OBRA! Profissionalismo, excel\u00eancia t\u00e9cnica, comprometimento com a qualidade e transpar\u00eancia com o cliente, fazem da Construal uma refer\u00eancia em esquadrias e fachadas.","potentialAction":[{"@type":"SearchAction","target":{"@type":"EntryPoint","urlTemplate":"https:\/\/construalaluminio.com.br\/?s={search_term_string}"},"query-input":{"@type":"PropertyValueSpecification","valueRequired":true,"valueName":"search_term_string"}}],"inLanguage":"es"}]}},"_links":{"self":[{"href":"https:\/\/construalaluminio.com.br\/es\/wp-json\/wp\/v2\/pages\/89","targetHints":{"allow":["GET"]}}],"collection":[{"href":"https:\/\/construalaluminio.com.br\/es\/wp-json\/wp\/v2\/pages"}],"about":[{"href":"https:\/\/construalaluminio.com.br\/es\/wp-json\/wp\/v2\/types\/page"}],"author":[{"embeddable":true,"href":"https:\/\/construalaluminio.com.br\/es\/wp-json\/wp\/v2\/users\/1"}],"replies":[{"embeddable":true,"href":"https:\/\/construalaluminio.com.br\/es\/wp-json\/wp\/v2\/comments?post=89"}],"version-history":[{"count":14,"href":"https:\/\/construalaluminio.com.br\/es\/wp-json\/wp\/v2\/pages\/89\/revisions"}],"predecessor-version":[{"id":834,"href":"https:\/\/construalaluminio.com.br\/es\/wp-json\/wp\/v2\/pages\/89\/revisions\/834"}],"wp:featuredmedia":[{"embeddable":true,"href":"https:\/\/construalaluminio.com.br\/es\/wp-json\/wp\/v2\/media\/767"}],"wp:attachment":[{"href":"https:\/\/construalaluminio.com.br\/es\/wp-json\/wp\/v2\/media?parent=89"}],"curies":[{"name":"wp","href":"https:\/\/api.w.org\/{rel}","templated":true}]}}