{"id":6,"date":"2021-11-16T11:25:30","date_gmt":"2021-11-16T13:25:30","guid":{"rendered":"https:\/\/construalaluminio.com.br\/?page_id=6"},"modified":"2025-01-14T17:30:34","modified_gmt":"2025-01-14T20:30:34","slug":"home","status":"publish","type":"page","link":"https:\/\/construalaluminio.com.br\/es\/","title":{"rendered":"Inicio"},"content":{"rendered":"","protected":false},"excerpt":{"rendered":"","protected":false},"author":1,"featured_media":0,"parent":0,"menu_order":0,"comment_status":"closed","ping_status":"closed","template":"","meta":{"footnotes":""},"class_list":["post-6","page","type-page","status-publish","hentry"],"acf":[],"yoast_head":"<!-- This site is optimized with the Yoast SEO plugin v24.6 - https:\/\/yoast.com\/wordpress\/plugins\/seo\/ -->\n<title>Home - Construal<\/title>\n<meta name=\"description\" content=\"Na Construal, a expertise se une \u00e0 inova\u00e7\u00e3o para oferecer solu\u00e7\u00f5es refinadas em esquadrias e fachadas. H\u00e1 mais de 16 anos no mercado de alum\u00ednio e vidros, somos pioneiros na fabrica\u00e7\u00e3o de nossas pr\u00f3prias linhas autorais de esquadrias minimalistas, al\u00e9m de brises, muxarabis e portas para grandes v\u00e3os. Nosso time \u00e9 apaixonado por superar expectativas e garantir a satisfa\u00e7\u00e3o plena do cliente. Aqui na Construal, cada projeto recebe a aten\u00e7\u00e3o especializada e a qualidade superior que merece.A inova\u00e7\u00e3o est\u00e1 em nosso DNA.\" \/>\n<meta name=\"robots\" content=\"index, follow, max-snippet:-1, max-image-preview:large, max-video-preview:-1\" \/>\n<link rel=\"canonical\" href=\"https:\/\/construalaluminio.com.br\/es\/\" \/>\n<meta property=\"og:locale\" content=\"es_ES\" \/>\n<meta property=\"og:type\" content=\"article\" \/>\n<meta property=\"og:title\" content=\"Home - Construal\" \/>\n<meta property=\"og:description\" content=\"Na Construal, a expertise se une \u00e0 inova\u00e7\u00e3o para oferecer solu\u00e7\u00f5es refinadas em esquadrias e fachadas. H\u00e1 mais de 16 anos no mercado de alum\u00ednio e vidros, somos pioneiros na fabrica\u00e7\u00e3o de nossas pr\u00f3prias linhas autorais de esquadrias minimalistas, al\u00e9m de brises, muxarabis e portas para grandes v\u00e3os. Nosso time \u00e9 apaixonado por superar expectativas e garantir a satisfa\u00e7\u00e3o plena do cliente. Aqui na Construal, cada projeto recebe a aten\u00e7\u00e3o especializada e a qualidade superior que merece.A inova\u00e7\u00e3o est\u00e1 em nosso DNA.\" \/>\n<meta property=\"og:url\" content=\"https:\/\/construalaluminio.com.br\/es\/\" \/>\n<meta property=\"og:site_name\" content=\"Construal\" \/>\n<meta property=\"article:modified_time\" content=\"2025-01-14T20:30:34+00:00\" \/>\n<meta name=\"twitter:card\" content=\"summary_large_image\" \/>\n<script type=\"application\/ld+json\" class=\"yoast-schema-graph\">{\"@context\":\"https:\/\/schema.org\",\"@graph\":[{\"@type\":\"WebPage\",\"@id\":\"https:\/\/construalaluminio.com.br\/\",\"url\":\"https:\/\/construalaluminio.com.br\/\",\"name\":\"Home - Construal\",\"isPartOf\":{\"@id\":\"https:\/\/construalaluminio.com.br\/#website\"},\"datePublished\":\"2021-11-16T13:25:30+00:00\",\"dateModified\":\"2025-01-14T20:30:34+00:00\",\"description\":\"Na Construal, a expertise se une \u00e0 inova\u00e7\u00e3o para oferecer solu\u00e7\u00f5es refinadas em esquadrias e fachadas. H\u00e1 mais de 16 anos no mercado de alum\u00ednio e vidros, somos pioneiros na fabrica\u00e7\u00e3o de nossas pr\u00f3prias linhas autorais de esquadrias minimalistas, al\u00e9m de brises, muxarabis e portas para grandes v\u00e3os. Nosso time \u00e9 apaixonado por superar expectativas e garantir a satisfa\u00e7\u00e3o plena do cliente. Aqui na Construal, cada projeto recebe a aten\u00e7\u00e3o especializada e a qualidade superior que merece.A inova\u00e7\u00e3o est\u00e1 em nosso DNA.\",\"breadcrumb\":{\"@id\":\"https:\/\/construalaluminio.com.br\/#breadcrumb\"},\"inLanguage\":\"es\",\"potentialAction\":[{\"@type\":\"ReadAction\",\"target\":[\"https:\/\/construalaluminio.com.br\/\"]}]},{\"@type\":\"BreadcrumbList\",\"@id\":\"https:\/\/construalaluminio.com.br\/#breadcrumb\",\"itemListElement\":[{\"@type\":\"ListItem\",\"position\":1,\"name\":\"In\u00edcio\",\"item\":\"https:\/\/construalaluminio.com.br\/\"},{\"@type\":\"ListItem\",\"position\":2,\"name\":\"Home\"}]},{\"@type\":\"WebSite\",\"@id\":\"https:\/\/construalaluminio.com.br\/#website\",\"url\":\"https:\/\/construalaluminio.com.br\/\",\"name\":\"Construal\",\"description\":\"SOLU\u00c7\u00d5ES EM ALUM\u00cdNIO PARA SUA OBRA! Profissionalismo, excel\u00eancia t\u00e9cnica, comprometimento com a qualidade e transpar\u00eancia com o cliente, fazem da Construal uma refer\u00eancia em esquadrias e fachadas.\",\"potentialAction\":[{\"@type\":\"SearchAction\",\"target\":{\"@type\":\"EntryPoint\",\"urlTemplate\":\"https:\/\/construalaluminio.com.br\/?s={search_term_string}\"},\"query-input\":{\"@type\":\"PropertyValueSpecification\",\"valueRequired\":true,\"valueName\":\"search_term_string\"}}],\"inLanguage\":\"es\"}]}<\/script>\n<!-- \/ Yoast SEO plugin. -->","yoast_head_json":{"title":"Home - Construal","description":"Na Construal, a expertise se une \u00e0 inova\u00e7\u00e3o para oferecer solu\u00e7\u00f5es refinadas em esquadrias e fachadas. H\u00e1 mais de 16 anos no mercado de alum\u00ednio e vidros, somos pioneiros na fabrica\u00e7\u00e3o de nossas pr\u00f3prias linhas autorais de esquadrias minimalistas, al\u00e9m de brises, muxarabis e portas para grandes v\u00e3os. Nosso time \u00e9 apaixonado por superar expectativas e garantir a satisfa\u00e7\u00e3o plena do cliente. Aqui na Construal, cada projeto recebe a aten\u00e7\u00e3o especializada e a qualidade superior que merece.A inova\u00e7\u00e3o est\u00e1 em nosso DNA.","robots":{"index":"index","follow":"follow","max-snippet":"max-snippet:-1","max-image-preview":"max-image-preview:large","max-video-preview":"max-video-preview:-1"},"canonical":"https:\/\/construalaluminio.com.br\/es\/","og_locale":"es_ES","og_type":"article","og_title":"Home - Construal","og_description":"Na Construal, a expertise se une \u00e0 inova\u00e7\u00e3o para oferecer solu\u00e7\u00f5es refinadas em esquadrias e fachadas. H\u00e1 mais de 16 anos no mercado de alum\u00ednio e vidros, somos pioneiros na fabrica\u00e7\u00e3o de nossas pr\u00f3prias linhas autorais de esquadrias minimalistas, al\u00e9m de brises, muxarabis e portas para grandes v\u00e3os. Nosso time \u00e9 apaixonado por superar expectativas e garantir a satisfa\u00e7\u00e3o plena do cliente. Aqui na Construal, cada projeto recebe a aten\u00e7\u00e3o especializada e a qualidade superior que merece.A inova\u00e7\u00e3o est\u00e1 em nosso DNA.","og_url":"https:\/\/construalaluminio.com.br\/es\/","og_site_name":"Construal","article_modified_time":"2025-01-14T20:30:34+00:00","twitter_card":"summary_large_image","schema":{"@context":"https:\/\/schema.org","@graph":[{"@type":"WebPage","@id":"https:\/\/construalaluminio.com.br\/","url":"https:\/\/construalaluminio.com.br\/","name":"Home - Construal","isPartOf":{"@id":"https:\/\/construalaluminio.com.br\/#website"},"datePublished":"2021-11-16T13:25:30+00:00","dateModified":"2025-01-14T20:30:34+00:00","description":"Na Construal, a expertise se une \u00e0 inova\u00e7\u00e3o para oferecer solu\u00e7\u00f5es refinadas em esquadrias e fachadas. H\u00e1 mais de 16 anos no mercado de alum\u00ednio e vidros, somos pioneiros na fabrica\u00e7\u00e3o de nossas pr\u00f3prias linhas autorais de esquadrias minimalistas, al\u00e9m de brises, muxarabis e portas para grandes v\u00e3os. Nosso time \u00e9 apaixonado por superar expectativas e garantir a satisfa\u00e7\u00e3o plena do cliente. Aqui na Construal, cada projeto recebe a aten\u00e7\u00e3o especializada e a qualidade superior que merece.A inova\u00e7\u00e3o est\u00e1 em nosso DNA.","breadcrumb":{"@id":"https:\/\/construalaluminio.com.br\/#breadcrumb"},"inLanguage":"es","potentialAction":[{"@type":"ReadAction","target":["https:\/\/construalaluminio.com.br\/"]}]},{"@type":"BreadcrumbList","@id":"https:\/\/construalaluminio.com.br\/#breadcrumb","itemListElement":[{"@type":"ListItem","position":1,"name":"In\u00edcio","item":"https:\/\/construalaluminio.com.br\/"},{"@type":"ListItem","position":2,"name":"Home"}]},{"@type":"WebSite","@id":"https:\/\/construalaluminio.com.br\/#website","url":"https:\/\/construalaluminio.com.br\/","name":"Construal","description":"SOLU\u00c7\u00d5ES EM ALUM\u00cdNIO PARA SUA OBRA! Profissionalismo, excel\u00eancia t\u00e9cnica, comprometimento com a qualidade e transpar\u00eancia com o cliente, fazem da Construal uma refer\u00eancia em esquadrias e fachadas.","potentialAction":[{"@type":"SearchAction","target":{"@type":"EntryPoint","urlTemplate":"https:\/\/construalaluminio.com.br\/?s={search_term_string}"},"query-input":{"@type":"PropertyValueSpecification","valueRequired":true,"valueName":"search_term_string"}}],"inLanguage":"es"}]}},"_links":{"self":[{"href":"https:\/\/construalaluminio.com.br\/es\/wp-json\/wp\/v2\/pages\/6","targetHints":{"allow":["GET"]}}],"collection":[{"href":"https:\/\/construalaluminio.com.br\/es\/wp-json\/wp\/v2\/pages"}],"about":[{"href":"https:\/\/construalaluminio.com.br\/es\/wp-json\/wp\/v2\/types\/page"}],"author":[{"embeddable":true,"href":"https:\/\/construalaluminio.com.br\/es\/wp-json\/wp\/v2\/users\/1"}],"replies":[{"embeddable":true,"href":"https:\/\/construalaluminio.com.br\/es\/wp-json\/wp\/v2\/comments?post=6"}],"version-history":[{"count":53,"href":"https:\/\/construalaluminio.com.br\/es\/wp-json\/wp\/v2\/pages\/6\/revisions"}],"predecessor-version":[{"id":833,"href":"https:\/\/construalaluminio.com.br\/es\/wp-json\/wp\/v2\/pages\/6\/revisions\/833"}],"wp:attachment":[{"href":"https:\/\/construalaluminio.com.br\/es\/wp-json\/wp\/v2\/media?parent=6"}],"curies":[{"name":"wp","href":"https:\/\/api.w.org\/{rel}","templated":true}]}}